{"id":149,"date":"2023-04-12T15:43:40","date_gmt":"2023-04-12T15:43:40","guid":{"rendered":"https:\/\/biomolto.com.ar\/?page_id=149"},"modified":"2023-04-12T15:43:40","modified_gmt":"2023-04-12T15:43:40","slug":"servicios","status":"publish","type":"page","link":"https:\/\/biomolto.com.ar\/?page_id=149","title":{"rendered":"Servicios"},"content":{"rendered":"<p>Nuestros Servicios Incluyen<\/p>\n<p>&#8211; Asesoramiento en la implementaci\u00f3n de soluciones en el \u00e1rea de Biolog\u00eda Molecular, desarrollo de sistemas integrados, y consultor\u00eda.<\/p>\n<p>&#8211; Montaje de Laboratorios y puesta a punto de la infraestructura y m\u00e1quinas<\/p>\n<p>&#8211; Capacitaciones en el uso de tecnolog\u00edas.<\/p>\n<p>&#8211; Asesoramiento en programas de estudio en \u00c1rea de Biolog\u00eda Molecular para cursos de Grado y Posgrado<\/p>\n<p>&#8211; Direcci\u00f3n de equipos<\/p>\n<p>&#8211; Direcci\u00f3n y asesoramiento en las Tesis Doctorales<\/p>\n","protected":false},"excerpt":{"rendered":"<p>Nuestros Servicios Incluyen &#8211; Asesoramiento en la implementaci\u00f3n de soluciones en el \u00e1rea de Biolog\u00eda Molecular, desarrollo de sistemas integrados, y consultor\u00eda. &#8211; Montaje de Laboratorios y puesta a punto de la infraestructura y m\u00e1quinas &#8211; Capacitaciones en el uso de tecnolog\u00edas. &#8211; Asesoramiento en programas de estudio en \u00c1rea de Biolog\u00eda Molecular para cursos &hellip; <\/p>\n<p class=\"link-more\"><a href=\"https:\/\/biomolto.com.ar\/?page_id=149\" class=\"more-link\">Continue reading<span class=\"screen-reader-text\"> \u00abServicios\u00bb<\/span><\/a><\/p>\n","protected":false},"author":1,"featured_media":0,"parent":0,"menu_order":0,"comment_status":"closed","ping_status":"closed","template":"","meta":{"footnotes":""},"class_list":["post-149","page","type-page","status-publish","hentry"],"_links":{"self":[{"href":"https:\/\/biomolto.com.ar\/index.php?rest_route=\/wp\/v2\/pages\/149","targetHints":{"allow":["GET"]}}],"collection":[{"href":"https:\/\/biomolto.com.ar\/index.php?rest_route=\/wp\/v2\/pages"}],"about":[{"href":"https:\/\/biomolto.com.ar\/index.php?rest_route=\/wp\/v2\/types\/page"}],"author":[{"embeddable":true,"href":"https:\/\/biomolto.com.ar\/index.php?rest_route=\/wp\/v2\/users\/1"}],"replies":[{"embeddable":true,"href":"https:\/\/biomolto.com.ar\/index.php?rest_route=%2Fwp%2Fv2%2Fcomments&post=149"}],"version-history":[{"count":1,"href":"https:\/\/biomolto.com.ar\/index.php?rest_route=\/wp\/v2\/pages\/149\/revisions"}],"predecessor-version":[{"id":150,"href":"https:\/\/biomolto.com.ar\/index.php?rest_route=\/wp\/v2\/pages\/149\/revisions\/150"}],"wp:attachment":[{"href":"https:\/\/biomolto.com.ar\/index.php?rest_route=%2Fwp%2Fv2%2Fmedia&parent=149"}],"curies":[{"name":"wp","href":"https:\/\/api.w.org\/{rel}","templated":true}]}}