{"id":152,"date":"2023-04-12T15:48:52","date_gmt":"2023-04-12T15:48:52","guid":{"rendered":"https:\/\/biomolto.com.ar\/?page_id=152"},"modified":"2023-04-12T17:34:18","modified_gmt":"2023-04-12T17:34:18","slug":"capacitaciones","status":"publish","type":"page","link":"https:\/\/biomolto.com.ar\/?page_id=152","title":{"rendered":"Capacitaciones"},"content":{"rendered":"<h2><strong>Propuestas para compartir conocimientos y experiencias en Biolog\u00eda Molecular<\/strong><strong><br \/>\n<\/strong><\/h2>\n<p>Parte 1 &#8211; Introducci\u00f3n<\/p>\n<p>Parte 2 &#8211; Breve descripci\u00f3n de los cursos<\/p>\n<p>Parte 3 &#8211; Detalle de Cursos<\/p>\n<p>Estos tres cursos re\u00fanen la informaci\u00f3n necesaria para desarrollar bases y conceptos de la biolog\u00eda molecular diagn\u00f3stica, de manera que los profesionales de la salud puedan acceder a los conocimientos fundamentales y herramientas que permitan establecer diagn\u00f3sticos con precisi\u00f3n.<\/p>\n<p>Los enumeramos del 1 al 5. Cualquier trabajador de la salud puede aceder a realizar los cursos.<\/p>\n<p>El curso 1 de Biolog\u00eda Molecular diagn\u00f3stica, \u00a0la Conferencia 2 sobre la importancia del conocimiento para generar independencia en la interacci\u00f3n sin\u00e9rgica de las distintas discilplinas y el curso 3 es sobre la plataforma de Biologia Molecular Diagn\u00f2stica de Alta Complejidad para ser usada en lugares de baja complejidad. desarrollada por J. C Garberi. \u00a0ser\u00e1n \u00fatiles para comprender y utilizar estas herramientas en el d\u00eda a d\u00eda cuando se presenten las tem\u00e1ticas relacionadas.<\/p>\n<p>Los cursos 4 y 5 brindar\u00e1n elementos te\u00f3ricos especializados en la biolog\u00eda molecular. \u00a0El Curso 4 es sobre el montaje de un laboratorio de Biolog\u00eda Molecular y todo lo necesario para su seguridad y precisi\u00f3n en los diagn\u00f3sticos.<\/p>\n<p>En el curso 5 se aborda los estudios de exomas mediante la tecnolog\u00eda NGS (Next Generation Secuency)y su interacci\u00f3n con el sistemas bioinform\u00e1ticos.<\/p>\n<p>La puesta en pr\u00e1ctica de esta tecnolog\u00eda se realiza en el a\u00f1o 2009 para el diagn\u00f3stico diferencial de enfermedades gen\u00e9ticas, en los cuales se analizan las variaciones presentes del genoma para diversas patolog\u00edas analizando m\u00e1s de 18 mil genes<\/p>\n<ol>\n<li>C. Garberi realiza estos estudios y an\u00e1lisis desde el a\u00f1o 2010 (contando ya con una experiencia de 12 a\u00f1os de pr\u00e1ctica y dominio de la misma)<\/li>\n<\/ol>\n<p>Breve descripci\u00f3n sobre los cursos y conferencias, carga horaria y modalidad propuesta.<\/p>\n<p>Archivos adjuntos anexos al documento: C.V completo de J.C Garberi y archivo completo del curso de montaje del laboratorio de Biologia Molecular<\/p>\n<p>BREVE DESCRIPCI\u00d3N DE LAS PROPUESTAS<\/p>\n<h2>Propuesta 1 &#8211; Biolog\u00eda Molecular Diagn\u00f3stica<\/h2>\n<p>Es la aplicaci\u00f3n de las t\u00e9cnicas de Biolog\u00eda Molecular , aislamiento y cuantificaci\u00f3n de \u00e1cidos nucleicos, hibridaci\u00f3n, amplificaci\u00f3n de secuencias g\u00e9nicas, amplificaci\u00f3n de secuencias nucleot\u00eddicas al diagn\u00f3stico de enfermedades infectocontagiosas, gen\u00e9ticas, oncol\u00f3gicas, de coagulaci\u00f3n y paternidad.<\/p>\n<p>En el curso se ver\u00e1n cada una de las t\u00e9cnicas y su implementaci\u00f3n en las distintas enfermedades<\/p>\n<p><strong>Modalidad Sugerida<\/strong>: \u00a08 exposiciones de 2 hs en 3 o 4 jornadas.<\/p>\n<p><strong>Audiencia a la cual se dirige<\/strong>: Trabajadores de todas las \u00e1reas de la Salud (m\u00e9dicos, enfermeros, bioqu\u00edmicos, etc..)<\/p>\n<h2>Propuesta 2 &#8211; Conferencia sobre interacci\u00f3n sin\u00e9rgica de las disciplinas<\/h2>\n<p>La importancia del conocimiento para generar independencia mediante la interacci\u00f3n sin\u00e9rgica de las distintas disciplinas: Biolog\u00eda, Medicina, Qu\u00edmica, F\u00edsica\u00a0y Electr\u00f3nica.<\/p>\n<p>J. C. Garberi ha desarrollado varias plataformas que integran estas ares de conocimiento para establecer diagn\u00f3sticos\u00a0moleculares y pron\u00f3sticos\u00a0de diversas enfermedades.<\/p>\n<p>&nbsp;<\/p>\n<p><strong>Modalidad Sugerida<\/strong>: \u00a02 exposiciones de 2 hs en 1 o 2 jornadas.<\/p>\n<p><strong>Audiencia a la cual se dirige<\/strong>: Trabajadores de todas las \u00e1reas de la Salud (m\u00e9dicos, enfermeros, bioqu\u00edmicos,ingenieros electr\u00f3nicos, y trabajadores de la inform\u00e1tica etc..)<\/p>\n<p>&nbsp;<\/p>\n<h2>Propuesta 3- plataforma de Biologia Molecular Diagn\u00f2stica de Alta Complejidad para ser usada en lugares de baja complejidad<br \/>\n(Desarrollado por J.C Garberi)<\/h2>\n<p>Capacitaci\u00f3n sobre la plataforma de Biologia Molecular Diagn\u00f2stica de Alta Complejidad para ser usada en lugares de baja complejidad. desarrollada por J. C Garberi para el diagnostico de enfermedades infectocontagiosas como Influenza, Virus Sincicial Respiratorio, Tuberculosis, Dengue, Virus Papiloma Humano, nCoViD19, Hepatitis, y otras. Curso te\u00f2rico pr\u00e0ctico.<\/p>\n<p><strong>Modalidad Sugerida<\/strong>: \u00a06 exposiciones de 2 hs en 3 jornadas.<\/p>\n<p><strong>Audiencia a la cual se dirige<\/strong>: Trabajadores de todas las \u00e1reas de la Salud (m\u00e9dicos, enfermeros, bioqu\u00edmicos, etc..) que quieran tener un conocimiento te\u00f3rico y pr\u00e1ctico del termociclador dedicado Orange G3.<\/p>\n<h1>Propuesta 4 &#8211; Montaje de un Laboratorio de Biolog\u00eda Molecular<\/h1>\n<p>En este curso se enumeraran los requisitos b\u00e1sicos para realizar Biolog\u00eda Molecular Diagn\u00f3stica<\/p>\n<p>&#8211; La distribuci\u00f3n del Laboratorio. Cantidad de ambientes para cuestiones de seguridad y precisi\u00f3n en los diagn\u00f3sticos<\/p>\n<p>&#8211; Equipamiento requerido<br \/>\n-Metodolog\u00eda de trabajo<\/p>\n<p><strong>Modalidad Sugerida<\/strong>:3 \u00a0exposiciones de 2 hs en 2 jornadas<\/p>\n<p><strong>Audiencia a la cual se dirige<\/strong>:\u00a0Bioqu\u00edmicos y otros profesionales de la salud interesados en la tem\u00e1tica<\/p>\n<h1>Propuesta 5 &#8211; Estudio de exomas con sistema NGS<\/h1>\n<p>Estudios de exomas mediante la tecnolog\u00eda NGS (Next Generation Secuency) y su interacci\u00f3n con sistemas bioninform\u00e1ticos.<\/p>\n<p>La puesta en pr\u00e1ctica de esta tecnolog\u00eda se realiza en el a\u00f1o 2009 para el diagn\u00f3stico diferencial de enfermedades gen\u00e9ticas, en los cuales se analizan las variaciones presentes del genoma para diversas patolog\u00edas analizando m\u00e1s de 18\u00a0mil genes<\/p>\n<ol>\n<li>C. Garberi realiza estos estudios y an\u00e1lisis desde el a\u00f1o 2010 (contando ya con una experiencia de 12 a\u00f1os de pr\u00e1ctica y dominio de la misma)<\/li>\n<\/ol>\n<p><strong>Modalidad Sugerida<\/strong>:\u00a0\u00a04 exposiciones de 2 hs en 3\u00a0jornadas.<\/p>\n<p><strong><br \/>\n<\/strong><strong><br \/>\n<\/strong><strong><br \/>\n<\/strong><strong><br \/>\n<\/strong><strong><br \/>\n<\/strong><strong><br \/>\n<\/strong><\/p>\n","protected":false},"excerpt":{"rendered":"<p>Propuestas para compartir conocimientos y experiencias en Biolog\u00eda Molecular Parte 1 &#8211; Introducci\u00f3n Parte 2 &#8211; Breve descripci\u00f3n de los cursos Parte 3 &#8211; Detalle de Cursos Estos tres cursos re\u00fanen la informaci\u00f3n necesaria para desarrollar bases y conceptos de la biolog\u00eda molecular diagn\u00f3stica, de manera que los profesionales de la salud puedan acceder a &hellip; <\/p>\n<p class=\"link-more\"><a href=\"https:\/\/biomolto.com.ar\/?page_id=152\" class=\"more-link\">Continue reading<span class=\"screen-reader-text\"> \u00abCapacitaciones\u00bb<\/span><\/a><\/p>\n","protected":false},"author":1,"featured_media":0,"parent":0,"menu_order":0,"comment_status":"closed","ping_status":"closed","template":"","meta":{"footnotes":""},"class_list":["post-152","page","type-page","status-publish","hentry"],"_links":{"self":[{"href":"https:\/\/biomolto.com.ar\/index.php?rest_route=\/wp\/v2\/pages\/152","targetHints":{"allow":["GET"]}}],"collection":[{"href":"https:\/\/biomolto.com.ar\/index.php?rest_route=\/wp\/v2\/pages"}],"about":[{"href":"https:\/\/biomolto.com.ar\/index.php?rest_route=\/wp\/v2\/types\/page"}],"author":[{"embeddable":true,"href":"https:\/\/biomolto.com.ar\/index.php?rest_route=\/wp\/v2\/users\/1"}],"replies":[{"embeddable":true,"href":"https:\/\/biomolto.com.ar\/index.php?rest_route=%2Fwp%2Fv2%2Fcomments&post=152"}],"version-history":[{"count":2,"href":"https:\/\/biomolto.com.ar\/index.php?rest_route=\/wp\/v2\/pages\/152\/revisions"}],"predecessor-version":[{"id":167,"href":"https:\/\/biomolto.com.ar\/index.php?rest_route=\/wp\/v2\/pages\/152\/revisions\/167"}],"wp:attachment":[{"href":"https:\/\/biomolto.com.ar\/index.php?rest_route=%2Fwp%2Fv2%2Fmedia&parent=152"}],"curies":[{"name":"wp","href":"https:\/\/api.w.org\/{rel}","templated":true}]}}