{"id":161,"date":"2023-04-12T16:37:55","date_gmt":"2023-04-12T16:37:55","guid":{"rendered":"https:\/\/biomolto.com.ar\/?page_id=161"},"modified":"2023-04-12T19:14:51","modified_gmt":"2023-04-12T19:14:51","slug":"orangeg3","status":"publish","type":"page","link":"https:\/\/biomolto.com.ar\/?page_id=161","title":{"rendered":"OrangeG3"},"content":{"rendered":"<p><img loading=\"lazy\" decoding=\"async\" class=\"alignnone size-medium wp-image-165\" src=\"https:\/\/biomolto.com.ar\/wp-content\/uploads\/2023\/04\/maquina-300x225.png\" alt=\"\" width=\"300\" height=\"225\" srcset=\"https:\/\/biomolto.com.ar\/wp-content\/uploads\/2023\/04\/maquina-300x225.png 300w, https:\/\/biomolto.com.ar\/wp-content\/uploads\/2023\/04\/maquina-1024x768.png 1024w, https:\/\/biomolto.com.ar\/wp-content\/uploads\/2023\/04\/maquina-768x576.png 768w, https:\/\/biomolto.com.ar\/wp-content\/uploads\/2023\/04\/maquina.png 1486w\" sizes=\"auto, (max-width: 300px) 100vw, 300px\" \/><\/p>\n<h2>Plataforma de Biologia Molecular Diagn\u00f2stica de Alta Complejidad para ser usada en lugares de baja complejidad<br \/>\n(Desarrollado por J.C Garberi)<strong><br \/>\n<\/strong><\/h2>\n<p>Estamos transitando un proceso de cambio radical en el diagn\u00f3stico y tratamiento de las enfermedades. Esta revoluci\u00f3n en las ciencias m\u00e9dicas \u00a0ya puede observarse claramente \u00a0en el mundo<\/p>\n<p>Consideramos que todo proceso de desarrollo cient\u00edfico tecnol\u00f3gico debe estar inspirado en lograr el bien com\u00fan como fin \u00faltimo. Desde este aspecto nos interesa promulgar este desarrollo en la mayor cantidad de lugares de Latinoam\u00e9rica. Los m\u00e9todos comerciales de amplificaci\u00f3n de \u00e1cidos nucleicos (AAN) para la detecci\u00f3n de enfermedades infectocontagiosas se han incorporado a la rutina diagn\u00f3stica de los pa\u00edses industrializados porque ofrecen la ventaja de acelerar el diagn\u00f3stico de la enfermedad en relaci\u00f3n al cultivo. Sin embargo, la complejidad de \u00a0los formatos existentes de las t\u00e9cnicas de AAN, la necesidad de infraestructura especial, la gran demanda de mano de obra y la exigencia de un alto grado de apoyo t\u00e9cnico y entrenamiento adecuado de su personal las transforman en herramientas de dif\u00edcil implantaci\u00f3n y sostenibilidad \u00a0en los escenarios de la mayor\u00eda de los pa\u00edses en desarrollo.<\/p>\n<p>&nbsp;<\/p>\n<p>Con esta concepci\u00f3n es que enfocamos nuestro desarrollo tecnol\u00f3gico para contribuir a resolver la problem\u00e1tica del CoViD, la tuberculosis, el dengue, el virus del papiloma humano (HPV), el virus sincicial respiratorio y otras enfermedades infecto contagiosas.<\/p>\n<p>La tuberculosis, el dengue, la malaria, y ahora el CoViD-19 son enfermedades end\u00e9micas en \u00a0nuestra querida Latino Am\u00e9rica , \u00a0con una mapa que se agudiza en las regiones m\u00e1s pobres del continente.<\/p>\n<p>Con diagn\u00f3sticos m\u00e1s r\u00e1pidos y m\u00e1s sencillos se podr\u00e1 potenciar la eficacia de las medidas de lucha contra estas enfermedades, especialmente en lugares donde los pacientes tienen dificultades para llegar a los centros de salud .<\/p>\n<p>El sistema que proponemos y desarrollamos aplica las bondades de sensibilidad, rapidez y especificidad de la reacci\u00f3n en cadena de la polimerasa y lo adapta para su aplicaci\u00f3n en regiones de bajos recursos, donde generalmente se presentan las mayores incidencias de la enfermedad. \u00c9ste se basa en un sistema de extracci\u00f3n de la muestra del paciente que contempla como prioridad la bioseguridad del operador, continua con el desarrollo de un termociclador dedicado (instrumento espec\u00edfico para el estudio) al diagn\u00f3stico, de bajo costo y f\u00e1cil de producir, combinado con un sistema de procesamiento de la muestra y detecci\u00f3n del producto amplificado, de escaso n\u00famero de etapas y f\u00e1cil<span style=\"text-decoration: line-through;\">\u00a0d<\/span>e realizar, a\u00fan con relativamente baja capacitaci\u00f3n del operador. Todo el sistema se presenta en forma de un set cerrado y listo para su utilizaci\u00f3n.<\/p>\n<p>&nbsp;<\/p>\n<p>La posibilidad de producir, validar el sistema e integrar esta tecnolog\u00eda \u00a0en otras regiones de Latino Am\u00e9rica y el mundo que requieren de tal diagn\u00f3stico, salvar\u00e1 vidas de ni\u00f1os y adultos de nuestros pueblos y marcara un camino en la forma de realizar ciencia y tecnolog\u00eda.<\/p>\n<p>&nbsp;<\/p>\n<p><strong>Breve Explicacion t\u00e9cnica:<\/strong><\/p>\n<ul>\n<li>El m\u00e9todo \u00a0se basa en el desarrollo de un termociclador dedicado al diagn\u00f3stico de enfermedades infectocontagiosas, de bajo costo y f\u00e1cil de producir, combinado con un sistema de procesamiento de la muestra y detecci\u00f3n del producto amplificado, de escaso n\u00famero de etapas y f\u00e1cil de realizar, con relativamente baja capacitaci\u00f3n del operador. Todo el sistema en conjunto, se presenta en la forma de un equipo cerrado sin contacto con el medio ambiente, y listo para su utilizaci\u00f3n que involucra tres etapas de f\u00e1cil y r\u00e1pida ejecuci\u00f3n, a saber:<\/li>\n<li>1ra.: Inactivaci\u00f3n de la muestra (seguridad biol\u00f3gica del ensayo), 1ra decontaminaci\u00f3n y exposici\u00f3n de los \u00e1cidos nucleicos.<\/li>\n<li>: Amplificaci\u00f3n del material obtenido mediante la utilizaci\u00f3n del \u00a0termociclador dedicado G3 con metodolog\u00eda USE.<\/li>\n<li>: Detecci\u00f3n del producto amplificado por sistema fluorom\u00e9trico donde los valores se registran en una bit\u00e1cora electr\u00f3nica para su posterior an\u00e1lisis epidemiol\u00f3gico, y con conexi\u00f3n directa v\u00eda Internet.<\/li>\n<li>La amplificaci\u00f3n se realiza en el instrumento desarrollado por nosotros y construido \u00a0con elementos b\u00e1sicos que utilizan intercambiadores de calor de dise\u00f1o simple y econ\u00f3mico, y su control es por circuitos integrados programables con un firmware de desarrollo propio. El sistema comprende elementos de dise\u00f1o original y \u00a0novedoso. Los insumos biol\u00f3gicos son producidos en nuestro laboratorio, como la Taq polimerasa y los controles clonados para el seguimiento del proceso.<\/li>\n<\/ul>\n<p>ACLARACION IMPORTANTE: El sistema de TBC est\u00e1 aprobado por<\/p>\n<p>ANMAT(Administraci\u00f3n Nacional de Medicamento, Alimentos y Tecnolog\u00eda M\u00e9dica, Argentina). Esta plataforma ofrecida podr\u00e1 utilizarse para otros diagn\u00f3sticos moleculares como \u00a0K-ras ya desarrollado, HIV, rotavirus, Dengue, diagn\u00f3sticos oncohematol\u00f3gicos, etc.<\/p>\n<h3>La posibilidad de contar con una plataforma integrada para el diagn\u00f3stico molecular permite:<\/h3>\n<ul>\n<li>Una r\u00e1pida capacitaci\u00f3n del operador (de 1 a 2 d\u00edas) debido al sistema \u00a0de procesamiento cerrado, sencillo y de pocas etapas.<\/li>\n<li>Disminuir significativamente los tiempos de diagn\u00f3stico.<\/li>\n<li>Disminuir \u00a0los tiempos de internaci\u00f3n de los pacientes sin diagnostico preciso, impactando directamente en la disminuci\u00f3n del costo de la cama por d\u00eda de internaci\u00f3n y disminuyendo la relaci\u00f3n cama\/paciente.<\/li>\n<li>Descentralizar los diagn\u00f3sticos moleculares en los centros primarios de atenci\u00f3n con las ventajas de:<\/li>\n<li>1) Evitar la posibilidad de contaminaci\u00f3n cruzada que existe en los laboratorios donde se concentran gran cantidad de muestras.<\/li>\n<li>2) Evitar el transporte riesgoso de muestras patol\u00f3gicas.<\/li>\n<li>3) Evitar el traslado de pacientes a lugares lejanos.<\/li>\n<li>4) Obtener el resultado a las pocas horas de la atenci\u00f3n con el m\u00e9dico tratante.<\/li>\n<\/ul>\n<p>&nbsp;<\/p>\n<ul>\n<li>5) Realizar un seguimiento preciso del paciente y controlar efectivamente la medicaci\u00f3n requerida.<\/li>\n<li>6) La inactivaci\u00f3n inicial de la muestra biol\u00f3gica \u00a0preserva la bioseguridad del operador y del medio ambiente evitando la multiplicaci\u00f3n del pat\u00f3geno en medios de cultivos, en cambio, los sistemas de medici\u00f3n de incorporaci\u00f3n de metabolitos o cultivo requieren la viabilidad de la muestra durante todo el proceso (como en el caso de TBC).<\/li>\n<li>7) Alta sensibilidad para la detecci\u00f3n del microorganismo<\/li>\n<li>8)En el caso de infecciones con distintos subtipos, realizar un diagn\u00f3stico certero de la enfermedad, conociendo la variante o tipo del virus causante de la infecci\u00f3n.<\/li>\n<\/ul>\n","protected":false},"excerpt":{"rendered":"<p>Plataforma de Biologia Molecular Diagn\u00f2stica de Alta Complejidad para ser usada en lugares de baja complejidad (Desarrollado por J.C Garberi) Estamos transitando un proceso de cambio radical en el diagn\u00f3stico y tratamiento de las enfermedades. Esta revoluci\u00f3n en las ciencias m\u00e9dicas \u00a0ya puede observarse claramente \u00a0en el mundo Consideramos que todo proceso de desarrollo cient\u00edfico &hellip; <\/p>\n<p class=\"link-more\"><a href=\"https:\/\/biomolto.com.ar\/?page_id=161\" class=\"more-link\">Continue reading<span class=\"screen-reader-text\"> \u00abOrangeG3\u00bb<\/span><\/a><\/p>\n","protected":false},"author":1,"featured_media":0,"parent":0,"menu_order":0,"comment_status":"closed","ping_status":"closed","template":"","meta":{"footnotes":""},"class_list":["post-161","page","type-page","status-publish","hentry"],"_links":{"self":[{"href":"https:\/\/biomolto.com.ar\/index.php?rest_route=\/wp\/v2\/pages\/161","targetHints":{"allow":["GET"]}}],"collection":[{"href":"https:\/\/biomolto.com.ar\/index.php?rest_route=\/wp\/v2\/pages"}],"about":[{"href":"https:\/\/biomolto.com.ar\/index.php?rest_route=\/wp\/v2\/types\/page"}],"author":[{"embeddable":true,"href":"https:\/\/biomolto.com.ar\/index.php?rest_route=\/wp\/v2\/users\/1"}],"replies":[{"embeddable":true,"href":"https:\/\/biomolto.com.ar\/index.php?rest_route=%2Fwp%2Fv2%2Fcomments&post=161"}],"version-history":[{"count":4,"href":"https:\/\/biomolto.com.ar\/index.php?rest_route=\/wp\/v2\/pages\/161\/revisions"}],"predecessor-version":[{"id":174,"href":"https:\/\/biomolto.com.ar\/index.php?rest_route=\/wp\/v2\/pages\/161\/revisions\/174"}],"wp:attachment":[{"href":"https:\/\/biomolto.com.ar\/index.php?rest_route=%2Fwp%2Fv2%2Fmedia&parent=161"}],"curies":[{"name":"wp","href":"https:\/\/api.w.org\/{rel}","templated":true}]}}