{"id":29,"date":"2023-04-11T16:13:11","date_gmt":"2023-04-11T16:13:11","guid":{"rendered":"https:\/\/biomolto.com.ar\/?page_id=29"},"modified":"2023-04-20T04:49:56","modified_gmt":"2023-04-20T04:49:56","slug":"juan-carlos-garberi","status":"publish","type":"page","link":"https:\/\/biomolto.com.ar\/?page_id=29","title":{"rendered":"J. C. Garberi"},"content":{"rendered":"<h1><strong>JUAN<\/strong><strong>\u00a0CARLOS <\/strong><strong>GARBERI<\/strong><\/h1>\n<h2>PHD. BIOLOG\u00cdA MOLECULAR<\/h2>\n<p><img loading=\"lazy\" decoding=\"async\" class=\"alignnone size-medium wp-image-60\" src=\"https:\/\/biomolto.com.ar\/wp-content\/uploads\/2023\/04\/fotogarberi-300x300.jpg\" alt=\"\" width=\"300\" height=\"300\" srcset=\"https:\/\/biomolto.com.ar\/wp-content\/uploads\/2023\/04\/fotogarberi-300x300.jpg 300w, https:\/\/biomolto.com.ar\/wp-content\/uploads\/2023\/04\/fotogarberi-150x150.jpg 150w, https:\/\/biomolto.com.ar\/wp-content\/uploads\/2023\/04\/fotogarberi-100x100.jpg 100w, https:\/\/biomolto.com.ar\/wp-content\/uploads\/2023\/04\/fotogarberi.jpg 350w\" sizes=\"auto, (max-width: 300px) 100vw, 300px\" \/><\/p>\n<h2>A C E R C A \u00a0DE<\/h2>\n<p>Dr. en Ciencias Quimicas desde el a\u00f1o 1975 con podsdoctorado en Biologia Molecular desde el a\u00f1o 1982 en el Wadsworth Center for Laboratories, Albany, New York, U.S.A.<br \/>\nDesde el a\u00f1o 1984 realiza investigaci\u00f3n, desarrollo tecnol\u00f3gico y tratamientos en el \u00e1rea de la Biologia Molecular para brindar soluciones reales que lleguen a todos los sectores de la poblaci\u00f3n. Ha recibido numerosos premios por sus trabajos.<\/p>\n<h2>\nE X P E R I E N C I A\u00a0\u00a0L A B O R A L<\/h2>\n<p>1982 &#8211; 1986<br \/>\n<strong>Phd. | Biolog\u00eda Molecular <\/strong><strong>Wadsworth Center for Laboratories, Albany, U.S.A<\/strong><\/p>\n<p>1986 &#8211; 1997<br \/>\n<strong>Miembro de la Carrera de Investigador CONICET Argentina<\/strong><\/p>\n<p>1989 &#8211; 1993<br \/>\n<strong>Director del Laboratorio del Centro de Investigaciones <\/strong><strong>M\u00e9dicas Dr. Albert Einstein (C.I.M.A.E)<\/strong><\/p>\n<p>&nbsp;<\/p>\n<p>&#8211; 2015<br \/>\n<strong>Director T\u00e9cnico del Laboratorio de Biolog\u00eda y Patolog\u00eda Molecular.<\/strong><\/p>\n<p>&nbsp;<\/p>\n<p>&#8211; 2002<br \/>\n<strong>Director del Programa de Investigaci\u00f3n de Resistencia a Drogas Antirretrovirales en pacientes HIV positivos de la Fundaci\u00f3n de Ayuda al Inmunodeficiente (FUNDAI).<\/strong><\/p>\n<p>&nbsp;<\/p>\n<p><strong>Laboratorio de Retrovirus y Virus Asociados. Hospital <\/strong><strong>Francisco P. Mu\u00f1iz . Buenos Aires). Area Secuenciaci\u00f3n<br \/>\n<\/strong><strong>Cl\u00ednica. Buenos Aires Argentina<\/strong><\/p>\n<p>&nbsp;<\/p>\n<h2><strong>T R A B A J O S \u00a0\u00a0C I E NT I F I C O S\u00a0 Y \u00a0\u00a0P R E M I A C I O N E S<\/strong><\/h2>\n<p><strong>Trabajos publicados en revistas cient\u00edficas internacionales con referato: 43 .<br \/>\nLibros :4 .<br \/>\nTrabajos de divulgaci\u00f3n: 2<br \/>\n<\/strong><strong>Trabajos presentados en congresos: 52<br \/>\nDirecci\u00f3n de tesis doctorales: 4<br \/>\n<\/strong><strong>Premio Accesit Wilfrid Baron: 1977<br \/>\n<\/strong><strong>Distinci\u00f3n del Senado de la Naci\u00f3n:<\/strong><strong>\u00a0<\/strong><strong>\u00abDeclarado de Inter\u00e9s Cient\u00edfico el Desarrollo de un Test de Detecci\u00f3n Directa de la Toxoplasmosis, por profesionales del Instituto Malbr\u00e1n de nuestro pa\u00eds \u00ab: 1996<\/strong><\/p>\n<p><strong>Primer Premio Academia Nacional de Medicina al \u00abMejor Trabajo de <\/strong><strong>Investigaci\u00f3n sobre enfermedades Infectocontagiosas \u00ab: 1995<\/strong><\/p>\n","protected":false},"excerpt":{"rendered":"<p>JUAN\u00a0CARLOS GARBERI PHD. BIOLOG\u00cdA MOLECULAR A C E R C A \u00a0DE Dr. en Ciencias Quimicas desde el a\u00f1o 1975 con podsdoctorado en Biologia Molecular desde el a\u00f1o 1982 en el Wadsworth Center for Laboratories, Albany, New York, U.S.A. Desde el a\u00f1o 1984 realiza investigaci\u00f3n, desarrollo tecnol\u00f3gico y tratamientos en el \u00e1rea de la Biologia &hellip; <\/p>\n<p class=\"link-more\"><a href=\"https:\/\/biomolto.com.ar\/?page_id=29\" class=\"more-link\">Continue reading<span class=\"screen-reader-text\"> \u00abJ. C. Garberi\u00bb<\/span><\/a><\/p>\n","protected":false},"author":1,"featured_media":0,"parent":0,"menu_order":0,"comment_status":"closed","ping_status":"closed","template":"","meta":{"footnotes":""},"class_list":["post-29","page","type-page","status-publish","hentry"],"_links":{"self":[{"href":"https:\/\/biomolto.com.ar\/index.php?rest_route=\/wp\/v2\/pages\/29","targetHints":{"allow":["GET"]}}],"collection":[{"href":"https:\/\/biomolto.com.ar\/index.php?rest_route=\/wp\/v2\/pages"}],"about":[{"href":"https:\/\/biomolto.com.ar\/index.php?rest_route=\/wp\/v2\/types\/page"}],"author":[{"embeddable":true,"href":"https:\/\/biomolto.com.ar\/index.php?rest_route=\/wp\/v2\/users\/1"}],"replies":[{"embeddable":true,"href":"https:\/\/biomolto.com.ar\/index.php?rest_route=%2Fwp%2Fv2%2Fcomments&post=29"}],"version-history":[{"count":7,"href":"https:\/\/biomolto.com.ar\/index.php?rest_route=\/wp\/v2\/pages\/29\/revisions"}],"predecessor-version":[{"id":220,"href":"https:\/\/biomolto.com.ar\/index.php?rest_route=\/wp\/v2\/pages\/29\/revisions\/220"}],"wp:attachment":[{"href":"https:\/\/biomolto.com.ar\/index.php?rest_route=%2Fwp%2Fv2%2Fmedia&parent=29"}],"curies":[{"name":"wp","href":"https:\/\/api.w.org\/{rel}","templated":true}]}}