{"id":95,"date":"2023-04-12T01:28:13","date_gmt":"2023-04-12T01:28:13","guid":{"rendered":"https:\/\/biomolto.com.ar\/?page_id=95"},"modified":"2023-04-20T04:32:43","modified_gmt":"2023-04-20T04:32:43","slug":"quienes-somos","status":"publish","type":"page","link":"https:\/\/biomolto.com.ar\/","title":{"rendered":"Quienes Somos"},"content":{"rendered":"\n<style type=\"text\/css\">\n.ytp-gradient-top{display:none !important}\n.ytp-show-watch-later-title{display:none !important}\n.ytp-watch-later-button{display:none !important}\n.ytp-share-button{display:none !important}\n.sh_video_overlay{\n}\n#particles-js2 .qcld_hero_content_area{\n\tposition:absolute;\n\twidth: 100%;\n\ttop:50%;\t\n\t\tz-index:9;\n}\n#particles-js2 .slider-x-lead-title, #particles-js2 .hero_slider_button, #particles-js2 .slider-x-item-title{margin: 15px 0px;}\n#particles-js2 .slider-x-lead-title{\n}\n#particles-js2 .hero_slider_button{\n}\n#particles-js2 .slider-x-item-title{\n}\n.slider-hero-prev, .slider-hero-next{\n}\n.slider-hero-prev:hover,.slider-hero-next:hover{\n}\n.qc-sliderX-bottom-slide{\n}\n.qc-sliderX-bottom-slide:hover{\n}\n.qc-sliderx-bottom-current{\n}\n#particles-js2 canvas {\n\tposition:absolute;\n\t\tz-index:8;\n\t}\n#particles-js2 > img{\n\tposition:absolute;\n\tz-index:1;\n}\n#particles-js2{\n  width: 100%;\n  height: 100%;\n  overflow: hidden;\n  background-color: #4e56fc;\n  background-size: cover;\n  background-position: 50% 50%;\n  background-repeat: no-repeat;\n  z-index: 1;\n  position:relative;\n  margin-top:50px;\n    max-width: unset !important;\n}\n#sunset {\n    position: absolute;\n    top: 0;\n    left: 0;\n    width: 100%;\n    height: 100%;\n    background: #294372 url('https:\/\/biomolto.com.ar\/wp-content\/plugins\/slider-hero\/images\/sunset.jpg') center top no-repeat;\n    background-size: cover;\n    opacity: 0;\n    z-index: 1\n}\n.slider-x-lead-title2{\n\/*position: absolute;\ntop: ;*\/\nleft: 0px;\nwidth: 100%;\n\tpadding: 0px 10% !important;\nbox-sizing: border-box;\n}\n.slider-x-item-title2{\n\/*\nposition: absolute;\ntop: 30%;*\/\nleft: 0px;\nwidth: 100%;\nz-index:99 !important;\n\tpadding: 0px 10% !important;\nline-height: 40px;\nbox-sizing: border-box;\n}\n.slider-x-lead-title2{\nfont-size: 50px !important;color: #d6d6d6 !important;text-align: center;\nline-height: 54px;\n}\n.hero_slider_btn2{\n\t\/*\n\tposition:absolute;\n\ttop: 80%;*\/\n\tleft:0px;\n\twidth:100%;\n\tpadding: 0px 10%;\n\tbox-sizing: border-box;\n\tz-index: -1;\ntext-align: center;}\n.hero_slider_btn2 a{\n\tz-index: 9;\n    position: relative;\n}\n.slider-x-item-title2, .slider-x-item-title2 > p, .slider-x-item-title2 > *{\ncolor: #000000;background-color: #892f8c;font-size: 25px;line-height: 25px;text-align: center;line-height: 40px;background-color: #892f8c;padding: 0px;\n}\n@media only screen and (min-width: 320px) and (max-width: 767px){\n.qcld_hero_content_area h2{font-size:26px !important;line-height: 30px !important;}\n.qcld_hero_content_area > .slider-x-item-title > p{font-size: 16px !important;line-height:normal;}\t\n}\n<\/style>\n<div class=\"hero_preloader\" style=\"background: #fff;width: 100%;height: 300px;z-index: 999;position: relative;display: flex;justify-content: center !important;align-items: center;\">\n\t\t<div class=\"hero_loader\"><\/div>\n<\/div>\n<div id=\"particles-js2\"  style=\"display:none;\" >\n<style type=\"text\/css\">\n.slider_hero_top_decoration{\n\twidth: 100%;\n    height: 50px;\n    position: absolute;\n    top: -50px;\n}\n.hero-slope-left-top{\n\t-webkit-transform: rotate(180deg);\n\t-moz-transform: rotate(180deg);\n\t-ms-transform: rotate(180deg);\n\t-o-transform: rotate(180deg);\n\ttransform: rotate(180deg);\n}\n.hero-slope-right-top{\n\t-webkit-transform: rotateY(180deg);\n    -moz-transform: rotateY(180deg);\n    -ms-transform: rotate(180deg);\n    -o-transform: rotateY(180deg);\n    transform: rotateY(180deg);\n}\n.hero-top-common{\n\twidth: 100%;\n\theight: 100%;\n}\n.hero-arrow-top{\n\t    display: block;\n    position: relative;\n    height: 50px;\n    width: 160px;\n    margin: 0 auto;\n}\n.hero-circle-top{\n    display: block;\n    position: relative;\n    height: 120px;\n    width: 120px;\n    margin: 0 auto;\n    margin-top: 0;\n}\n#particles-js2{\n\toverflow: inherit !important;\n}\n<\/style>\n<div class=\"slider_hero_top_decoration\">\n\t<svg class=\"hero-rounded-outer-top hero-top-common\" preserveAspectRatio=\"none\" version=\"1.1\" viewBox=\"0 0 100 100\" xmlns=\"http:\/\/www.w3.org\/2000\/svg\"><path d=\"M0 100 C50 0 50 0 100 100 Z\" stroke-width=\"0\" style=\"fill: #1e73be;\"><\/path><\/svg>\n<\/div>\n\t\t\t\t\t\t\t\t<div class=\"qcld_hero_content_area\" data-bg-image=\"https:\/\/biomolto.com.ar\/wp-content\/uploads\/2023\/04\/capa-materia-biologia-jpg.jpg\" style=\"display:none;\">\n<style type=\"text\/css\">\n.slider-x-lead-title2, .slider-x-lead-title2 p, .slider-x-lead-title2 h1, .slider-x-lead-title2 h2, .slider-x-lead-title2 span{\n\t\tfont-family:'Nova Round', sans-serif !important;\n\t\t}\n.slider-x-item-title2, .slider-x-item-title2 p, .slider-x-item-title2 div{\n\t\tfont-family:'Nova Round', sans-serif !important;\n\t\t}\n<\/style>\n\t\t<h2 class=\"slider-x-lead-title slider-x-lead-title2\"><span style=\"background-color:#000000;padding: 0px 10px;\">Soluciones en Biolog\u00eda Molecular<\/span><\/h2>\n\t\t\t\t\t\t<div class=\"slider-x-item-title slider-x-item-title2\">\n\t\t\t\t\t\t\tCons\u00faltenos\t\t\t\t\t\t<\/div>\n\t\t<\/div> <!--End of hero Content Area-->\n\t<script type=\"text\/javascript\">\nfunction heroCookie(cname, cvalue, exdays) {\n    var d = new Date();\n    d.setTime(d.getTime() + (exdays*24*60*60*1000));\n    var expires = \"expires=\"+ d.toUTCString();\n    document.cookie = cname + \"=\" + cvalue + \";\" + expires + \";path=\/\";\n}\nfunction heroisMobile(){\n\tvar isMobile = false; \/\/initiate as false\n\t\t\/\/ device detection\n\t\tif(\/(android|bb\\d+|meego).+mobile|avantgo|bada\\\/|blackberry|blazer|compal|elaine|fennec|hiptop|iemobile|ip(hone|od)|ipad|iris|kindle|Android|Silk|lge |maemo|midp|mmp|netfront|opera m(ob|in)i|palm( os)?|phone|p(ixi|re)\\\/|plucker|pocket|psp|series(4|6)0|symbian|treo|up\\.(browser|link)|vodafone|wap|windows (ce|phone)|xda|xiino\/i.test(navigator.userAgent) \n\t\t|| \/1207|6310|6590|3gso|4thp|50[1-6]i|770s|802s|a wa|abac|ac(er|oo|s\\-)|ai(ko|rn)|al(av|ca|co)|amoi|an(ex|ny|yw)|aptu|ar(ch|go)|as(te|us)|attw|au(di|\\-m|r |s )|avan|be(ck|ll|nq)|bi(lb|rd)|bl(ac|az)|br(e|v)w|bumb|bw\\-(n|u)|c55\\\/|capi|ccwa|cdm\\-|cell|chtm|cldc|cmd\\-|co(mp|nd)|craw|da(it|ll|ng)|dbte|dc\\-s|devi|dica|dmob|do(c|p)o|ds(12|\\-d)|el(49|ai)|em(l2|ul)|er(ic|k0)|esl8|ez([4-7]0|os|wa|ze)|fetc|fly(\\-|_)|g1 u|g560|gene|gf\\-5|g\\-mo|go(\\.w|od)|gr(ad|un)|haie|hcit|hd\\-(m|p|t)|hei\\-|hi(pt|ta)|hp( i|ip)|hs\\-c|ht(c(\\-| |_|a|g|p|s|t)|tp)|hu(aw|tc)|i\\-(20|go|ma)|i230|iac( |\\-|\\\/)|ibro|idea|ig01|ikom|im1k|inno|ipaq|iris|ja(t|v)a|jbro|jemu|jigs|kddi|keji|kgt( |\\\/)|klon|kpt |kwc\\-|kyo(c|k)|le(no|xi)|lg( g|\\\/(k|l|u)|50|54|\\-[a-w])|libw|lynx|m1\\-w|m3ga|m50\\\/|ma(te|ui|xo)|mc(01|21|ca)|m\\-cr|me(rc|ri)|mi(o8|oa|ts)|mmef|mo(01|02|bi|de|do|t(\\-| |o|v)|zz)|mt(50|p1|v )|mwbp|mywa|n10[0-2]|n20[2-3]|n30(0|2)|n50(0|2|5)|n7(0(0|1)|10)|ne((c|m)\\-|on|tf|wf|wg|wt)|nok(6|i)|nzph|o2im|op(ti|wv)|oran|owg1|p800|pan(a|d|t)|pdxg|pg(13|\\-([1-8]|c))|phil|pire|pl(ay|uc)|pn\\-2|po(ck|rt|se)|prox|psio|pt\\-g|qa\\-a|qc(07|12|21|32|60|\\-[2-7]|i\\-)|qtek|r380|r600|raks|rim9|ro(ve|zo)|s55\\\/|sa(ge|ma|mm|ms|ny|va)|sc(01|h\\-|oo|p\\-)|sdk\\\/|se(c(\\-|0|1)|47|mc|nd|ri)|sgh\\-|shar|sie(\\-|m)|sk\\-0|sl(45|id)|sm(al|ar|b3|it|t5)|so(ft|ny)|sp(01|h\\-|v\\-|v )|sy(01|mb)|t2(18|50)|t6(00|10|18)|ta(gt|lk)|tcl\\-|tdg\\-|tel(i|m)|tim\\-|t\\-mo|to(pl|sh)|ts(70|m\\-|m3|m5)|tx\\-9|up(\\.b|g1|si)|utst|v400|v750|veri|vi(rg|te)|vk(40|5[0-3]|\\-v)|vm40|voda|vulc|vx(52|53|60|61|70|80|81|83|85|98)|w3c(\\-| )|webc|whit|wi(g |nc|nw)|wmlb|wonu|x700|yas\\-|your|zeto|zte\\-\/i.test(navigator.userAgent.substr(0,4))) isMobile = true;\n\treturn isMobile;\n}\nfunction getOffset1( el ) {\n    var _x = 0;\n    var _y = 0;\n    while( el && !isNaN( el.offsetLeft ) && !isNaN( el.offsetTop ) ) {\n        _x += el.offsetLeft - el.scrollLeft;\n        _y += el.offsetTop - el.scrollTop;\n        el = el.offsetParent;\n    }\n\t_x = parseInt(_x) + parseInt(jQuery('#particles-js2').parent().css('padding-left'));\n    return { top: _y, left: _x };\n}\n  jQuery(document).ready(function($){\n    \/\/jQuery(window).on( 'load', function(){\n\t\t\t\t   jQuery('.hero_preloader').remove();\n\t   \t   jQuery('#particles-js2').show();\n\t   jQuery('#particles-js2 canvas').width(jQuery('#particles-js2').width());\n\t   \t\t\tjQuery('#particles-js2 .qcld_hero_content_area:visible').css('margin-top','-'+Math.round(jQuery('#particles-js2 .qcld_hero_content_area:visible').height()\/2)+'px');\n\t\t   var fullwidth = jQuery(\"body\").prop(\"clientWidth\"); \n\t\t\tvar maindivcon = jQuery('#particles-js2').parent()[0];\n\t\t\tvar getleft = getOffset1(maindivcon);\n\t\t\tjQuery('#particles-js2').css({\n\t\t\t\t'left':'-'+getleft.left+'px',\n\t\t\t});\n\t\tvar maindivcontainer = jQuery('#particles-js2');\n\t\tif(jQuery(window).width() < 767){\n\t\t\tmaindivcontainer.find('.qcld_hero_content_area:visible').css('margin-top','-'+Math.round(maindivcontainer.find('.qcld_hero_content_area:visible').height()\/2)+'px');\n\t\t}\n\t\tparticlesJS(\"particles-js2\", {\n  \"particles\": {\n    \"number\": {\n      \"value\": 80,\n      \"density\": {\n        \"enable\": true,\n        \"value_area\": 800\n      }\n    },\n    \"color\": {\n      \"value\": \"#ffffff\"\n    },\n    \"shape\": {\n      \"type\": \"circle\",\n      \"stroke\": {\n        \"width\": 0,\n        \"color\": \"#000000\"\n      },\n      \"polygon\": {\n        \"nb_sides\": 5\n      },\n      \"image\": {\n        \"src\": \"img\/github.svg\",\n        \"width\": 100,\n        \"height\": 100\n      }\n    },\n    \"opacity\": {\n      \"value\": 0.5,\n      \"random\": false,\n      \"anim\": {\n        \"enable\": false,\n        \"speed\": 1,\n        \"opacity_min\": 0.1,\n        \"sync\": false\n      }\n    },\n    \"size\": {\n      \"value\": 3,\n      \"random\": true,\n      \"anim\": {\n        \"enable\": false,\n        \"speed\": 40,\n        \"size_min\": 0.1,\n        \"sync\": false\n      }\n    },\n    \"line_linked\": {\n      \"enable\": true,\n      \"distance\": 150,\n      \"color\": \"#ffffff\",\n      \"opacity\": 0.4,\n      \"width\": 1\n    },\n    \"move\": {\n      \"enable\": true,\n      \"speed\": 6,\n      \"direction\": \"none\",\n      \"random\": false,\n      \"straight\": false,\n      \"out_mode\": \"out\",\n      \"bounce\": false,\n      \"attract\": {\n        \"enable\": false,\n        \"rotateX\": 600,\n        \"rotateY\": 1200\n      }\n    }\n  },\n  \"interactivity\": {\n    \"detect_on\": \"canvas\",\n    \"events\": {\n      \"onhover\": {\n        \"enable\": true,\n        \"mode\": \"grab\"\n      },\n      \"onclick\": {\n        \"enable\": true,\n        \"mode\": \"push\"\n      },\n      \"resize\": true\n    },\n    \"modes\": {\n      \"grab\": {\n        \"distance\": 400,\n        \"line_linked\": {\n          \"opacity\": 1\n        }\n      },\n      \"bubble\": {\n        \"distance\": 400,\n        \"size\": 40,\n        \"duration\": 2,\n        \"opacity\": 8,\n        \"speed\": 3\n      },\n      \"repulse\": {\n        \"distance\": 200,\n        \"duration\": 0.4\n      },\n      \"push\": {\n        \"particles_nb\": 4\n      },\n      \"remove\": {\n        \"particles_nb\": 2\n      }\n    }\n  },\n  \"retina_detect\": true\n});\n});\njQuery(document).ready(function($){\n\t    $.fn.sliderX.defaults = {\n\t\tsliderWidth:1920,\n\t\tsliderHeight:1080,\n        pauseTime: 11000,\n\t\tpaddingTime: 500,\n        startSlide: 0,\n\t\ttitlePositionTop:'0%',\n\t\ttitlePositionLeft:'0%',\n\t\tdescPositionTop:'0%',\n\t\tdescPositionLeft:'0%',\n\t\t\/\/titleTextAnimation:'pulse',\n\t\ttitleTextColor:'#d6d6d6',\n\t\tdescriptionTextColor:'#000000',\n\t\ttitleFontSize:'50',\n\t\tarrowClass: 'arrow-circle',\n\t\tdescriptionFontSize:'25',\n\t\t\t\tfullWidth:true,\n\t\t\t\t\t\tfullScreen:false,\n\t\t\t\t\t\tScreenauto:false,\n\t\t\t\tdirectionCon:false,\n\t\tbottomCon:false,\n\t\tslideStart: false,\n\t\t\t\t\t\t\tarrow_style: 'default',\n\t\t\t\t\t\t\t\trandomslide: false,\n\t\tprevSlideText:'Previous',\n\t\tnextSlideText:'Next',\n\t\ttitleAnimation: 'bounceInLeft',\n\t\ttitleoutAnimation: '',\n\t\tdesAnimation: 'bounceInRight',\n\t\tdesoutAnimation: '',\n\t\tlfxtitlein:'',\n\t\tlfxtitleout:'',\n\t\tlfxdesin:'',\n\t\tlfxdesout:'',\n\t\tbuttonAnimation: 'normal',\n\t\tbuttonoutAnimation: '',\n\t\tredirecturl: '',\n\t\tredirectdelay: '',\n\t\tcontentposition: 'center',\n\t\tbgtransition: 'fade',\n    bgtransitionreverse: 'fade',\n\t\t\t\t\t\trepeat: false,\n\t\t\t\t\t\tsliderestart: true,\n\t\t\t\t\t\t\t\t\t\tsliderpause: true,\n\t\tmainId: 'particles-js2',\n\t\tsid: '2',\n\t\tslidertype: 'particle',\n        beforeChange: function(){\n\t\t\t\/\/alert(\"i am changing..\");\n\t\t}\n    };   \n    function firesliderx(){\n\t\tjQuery('#particles-js2').sliderX();\n\t}\n\t\t\tif(jQuery('.second_div_hero').length<1)\n\t\t\tfiresliderx();\n$(window).resize(function() {\n\tsetTimeout(function(){\n\t\tvar fullwidth = jQuery(window).width(); \n\t\tvar maindivcon = $('#particles-js2').parent()[0];\n\t\tvar getleft = getOffset1(maindivcon);\n\t\tjQuery('#particles-js2').css({\n\t\t\t'left':'-'+getleft.left+'px',\n\t\t});\n\t}, 500);\n});\n\tvar fullwidth = jQuery(window).width();\n\t\t\tvar maindivcon = $('#particles-js2').parent()[0];\n\t\tvar getleft = getOffset1(maindivcon);\n\tjQuery('#particles-js2').css({\n\t\t'left':'-'+getleft.left+'px',\n\t});\n$(window).resize(function() {\n\tsetTimeout(function(){\n\t\tif(jQuery(window).width()<767){\n\t\t\tvar maindivcontainer = $('#particles-js2');\n\t\t\tvar present_slide = maindivcontainer.find('.qcld_hero_content_area:visible');\n\t\t\t\/\/present_slide.css('height',maindivcontainer.height()+'px');\n\t\t}\n\t}, 500);\n});\n$('body').css({\n\t'overflow-x':'hidden',\n});\nparticlesJS(\"particles-js2\", {\n  \"particles\": {\n    \"number\": {\n      \"value\": 80,\n      \"density\": {\n        \"enable\": true,\n        \"value_area\": 800\n      }\n    },\n    \"color\": {\n      \"value\": \"#ffffff\"\n    },\n    \"shape\": {\n      \"type\": \"circle\",\n      \"stroke\": {\n        \"width\": 0,\n        \"color\": \"#000000\"\n      },\n      \"polygon\": {\n        \"nb_sides\": 5\n      },\n      \"image\": {\n        \"src\": \"img\/github.svg\",\n        \"width\": 100,\n        \"height\": 100\n      }\n    },\n    \"opacity\": {\n      \"value\": 0.5,\n      \"random\": false,\n      \"anim\": {\n        \"enable\": false,\n        \"speed\": 1,\n        \"opacity_min\": 0.1,\n        \"sync\": false\n      }\n    },\n    \"size\": {\n      \"value\": 3,\n      \"random\": true,\n      \"anim\": {\n        \"enable\": false,\n        \"speed\": 40,\n        \"size_min\": 0.1,\n        \"sync\": false\n      }\n    },\n    \"line_linked\": {\n      \"enable\": true,\n      \"distance\": 150,\n      \"color\": \"#ffffff\",\n      \"opacity\": 0.4,\n      \"width\": 1\n    },\n    \"move\": {\n      \"enable\": true,\n      \"speed\": 6,\n      \"direction\": \"none\",\n      \"random\": false,\n      \"straight\": false,\n      \"out_mode\": \"out\",\n      \"bounce\": false,\n      \"attract\": {\n        \"enable\": false,\n        \"rotateX\": 600,\n        \"rotateY\": 1200\n      }\n    }\n  },\n  \"interactivity\": {\n    \"detect_on\": \"canvas\",\n    \"events\": {\n      \"onhover\": {\n        \"enable\": true,\n        \"mode\": \"grab\"\n      },\n      \"onclick\": {\n        \"enable\": true,\n        \"mode\": \"push\"\n      },\n      \"resize\": true\n    },\n    \"modes\": {\n      \"grab\": {\n        \"distance\": 400,\n        \"line_linked\": {\n          \"opacity\": 1\n        }\n      },\n      \"bubble\": {\n        \"distance\": 400,\n        \"size\": 40,\n        \"duration\": 2,\n        \"opacity\": 8,\n        \"speed\": 3\n      },\n      \"repulse\": {\n        \"distance\": 200,\n        \"duration\": 0.4\n      },\n      \"push\": {\n        \"particles_nb\": 4\n      },\n      \"remove\": {\n        \"particles_nb\": 2\n      }\n    }\n  },\n  \"retina_detect\": true\n});\n});\nvar mainId = 'particles-js2';\nvar particle_mainId = 'particles-js2';\n<\/script>\n<\/div>\n<div style=\"background-image:url(https:\/\/biomolto.com.ar\/wp-content\/uploads\/2023\/04\/capa-materia-biologia-jpg.jpg);position:absolute;left:-999px;width:2px;height:2px;z-index:-999\"><\/div>\n<style type=\"text\/css\">\n<\/style>\n\n<p>&nbsp;<\/p>\n<p>Biomolto nace con la idea de compartir los conocimientos y servicios relacionados con la Biolog\u00eda Molecular, de manera que sus beneficios lleguen a la mayor cantidad de poblaci\u00f3n.<\/p>\n<p>Las t\u00e9cnicas y servicios de la Biolog\u00eda Molecular generan potentes soluciones en diagn\u00f3sticos y tratamientos.<br \/>\nCon una carrera y experiencia de m\u00e1s de 45 a\u00f1os en la creaci\u00f3n de tecnolog\u00edas y plataformas innovadoras de aplicaci\u00f3n concreta y pr\u00e1ctica Phd. Juan Carlos Garberi encabeza y dirige un equipo de profesionales y gestores dispuestos a hacer funcionar la Biolog\u00eda Molecular en todos sus campos de aplicaci\u00f3n.<\/p>\n<p>Biomolto brinda soluciones y desarrollos en la implementaci\u00f3n de t\u00e9cnicas, asesoramiento en la utilizaci\u00f3n de las \u00faltimas tecnolog\u00edas disponibles, consultoria en el montaje y puesta a punto de Laboratorios y maquinarias y consultor\u00eda en el desarrollo de planes de estudio de grado y posgrado, para instituciones p\u00fablicas y privadas as\u00ed tambi\u00e9n como asesoramiento para los programas y congresos de Biolog\u00eda Molecular.<\/p>\n<p>Quedamos atentos a su consulta, no dude en comunicarse con nosotros.<\/p>\n","protected":false},"excerpt":{"rendered":"<p>&nbsp; Biomolto nace con la idea de compartir los conocimientos y servicios relacionados con la Biolog\u00eda Molecular, de manera que sus beneficios lleguen a la mayor cantidad de poblaci\u00f3n. Las t\u00e9cnicas y servicios de la Biolog\u00eda Molecular generan potentes soluciones en diagn\u00f3sticos y tratamientos. Con una carrera y experiencia de m\u00e1s de 45 a\u00f1os en &hellip; <\/p>\n<p class=\"link-more\"><a href=\"https:\/\/biomolto.com.ar\/\" class=\"more-link\">Continue reading<span class=\"screen-reader-text\"> \u00abQuienes Somos\u00bb<\/span><\/a><\/p>\n","protected":false},"author":1,"featured_media":0,"parent":0,"menu_order":0,"comment_status":"closed","ping_status":"closed","template":"","meta":{"footnotes":""},"class_list":["post-95","page","type-page","status-publish","hentry"],"_links":{"self":[{"href":"https:\/\/biomolto.com.ar\/index.php?rest_route=\/wp\/v2\/pages\/95","targetHints":{"allow":["GET"]}}],"collection":[{"href":"https:\/\/biomolto.com.ar\/index.php?rest_route=\/wp\/v2\/pages"}],"about":[{"href":"https:\/\/biomolto.com.ar\/index.php?rest_route=\/wp\/v2\/types\/page"}],"author":[{"embeddable":true,"href":"https:\/\/biomolto.com.ar\/index.php?rest_route=\/wp\/v2\/users\/1"}],"replies":[{"embeddable":true,"href":"https:\/\/biomolto.com.ar\/index.php?rest_route=%2Fwp%2Fv2%2Fcomments&post=95"}],"version-history":[{"count":4,"href":"https:\/\/biomolto.com.ar\/index.php?rest_route=\/wp\/v2\/pages\/95\/revisions"}],"predecessor-version":[{"id":216,"href":"https:\/\/biomolto.com.ar\/index.php?rest_route=\/wp\/v2\/pages\/95\/revisions\/216"}],"wp:attachment":[{"href":"https:\/\/biomolto.com.ar\/index.php?rest_route=%2Fwp%2Fv2%2Fmedia&parent=95"}],"curies":[{"name":"wp","href":"https:\/\/api.w.org\/{rel}","templated":true}]}}